{"id":25,"date":"2020-06-10T13:06:47","date_gmt":"2020-06-10T13:06:47","guid":{"rendered":"https:\/\/stevengdc.com\/?page_id=25"},"modified":"2026-01-20T17:57:33","modified_gmt":"2026-01-20T17:57:33","slug":"about-me","status":"publish","type":"page","link":"https:\/\/stevengdc.com\/en\/about-me\/","title":{"rendered":"About Me"},"content":{"rendered":"<div data-elementor-type=\"wp-page\" data-elementor-id=\"25\" class=\"elementor elementor-25\" data-elementor-post-type=\"page\">\n\t\t\t\t\t\t<section class=\"elementor-section elementor-top-section elementor-element elementor-element-6353276 elementor-section-boxed elementor-section-height-default elementor-section-height-default\" data-id=\"6353276\" data-element_type=\"section\" data-e-type=\"section\">\n\t\t\t\t\t\t<div class=\"elementor-container elementor-column-gap-default\">\n\t\t\t\t\t<div class=\"elementor-column elementor-col-100 elementor-top-column elementor-element elementor-element-4f5cebd\" data-id=\"4f5cebd\" data-element_type=\"column\" data-e-type=\"column\">\n\t\t\t<div class=\"elementor-widget-wrap elementor-element-populated\">\n\t\t\t\t\t\t<div class=\"elementor-element elementor-element-dfaa64a elementor-widget elementor-widget-spacer\" data-id=\"dfaa64a\" data-element_type=\"widget\" data-e-type=\"widget\" data-widget_type=\"spacer.default\">\n\t\t\t\t<div class=\"elementor-widget-container\">\n\t\t\t\t\t\t\t<div class=\"elementor-spacer\">\n\t\t\t<div class=\"elementor-spacer-inner\"><\/div>\n\t\t<\/div>\n\t\t\t\t\t\t<\/div>\n\t\t\t\t<\/div>\n\t\t\t\t<div class=\"elementor-element elementor-element-995846a elementor-widget elementor-widget-wezen-home-page-third\" data-id=\"995846a\" data-element_type=\"widget\" data-e-type=\"widget\" data-widget_type=\"wezen-home-page-third.default\">\n\t\t\t\t<div class=\"elementor-widget-container\">\n\t\t\t\t\t\r\n\t\t<div class=\"section-content vcentered home-page-third-style\">\r\n\r\n\t\t\t<div id=\"home_content_995846a\" class=\"home-content\">\r\n\t\t\t    <div class=\"row flex-v-align\">\r\n\t\t\t        <div class=\"col-sm-12 without-padding col-md-6 col-lg-6\">\r\n\t\t\t            <div class=\"home-photo\">\r\n\t\t\t                <div class=\"hp-inner\" style=\"background-image: url(https:\/\/stevengdc.com\/wp-content\/uploads\/2025\/06\/home-image-scaled.jpg)\"><\/div>\r\n\t\t\t            <\/div>\r\n\t\t\t        <\/div>\r\n\r\n\t\t\t        <div class=\"col-sm-12 col-md-6 col-lg-6\">\r\n\t\t\t            <div class=\"home-text\">\r\n\t\t\t                \t\t\t                <div class=\"owl-carousel text-rotation\">                                    \r\n\t\t\t                    \t\t\t                        <div class=\"item\">\r\n\t\t\t                            <h4>IT Technician<\/h4>\r\n\t\t\t                        <\/div>\r\n\t\t\t                    \t\t\t                <\/div>\r\n\t\t\t                \t\t\t                \t\t\t                <h1><span>Hi, I'm<\/span> Steven<\/span><\/h1>\r\n\t\t\t                \t\t\t                \t\t\t                <p>Sou um t\u00e9cnico inform\u00e1tico experiente, com um conjunto abrangente de compet\u00eancias que inclui suporte t\u00e9cnico, administra\u00e7\u00e3o de redes e desenvolvimento web.\n<br \/>\nTrabalho com confian\u00e7a em toda a infraestrutura de TI e ferramentas digitais, oferecendo suporte fi\u00e1vel e solu\u00e7\u00f5es pr\u00e1ticas.<\/p>\r\n\t\t\t            \t\r\n\t\t\t                \t\t\t                   <div class=\"home-buttons\">\r\n\t\t\t                    \t\t\t\t                        <a href=\"https:\/\/stevengdc.com\/wp-content\/uploads\/2026\/01\/Curriculo-Steven-Camara.pdf\" target=\"yes\" class=\"btn btn-primary\">Download CV<\/a>\r\n\t\t\t                    \t\t\t\t\t                        <a href=\"https:\/\/stevengdc.com\/wp-content\/uploads\/2026\/01\/Carta-de-Apresentacao-Steven-Camara.pdf\" target=\"yes\" class=\"btn btn-primary\">Carta de Apresenta\u00e7\u00e3o<\/a>\r\n\t\t\t                    \t\t\t\t\t                        <a href=\"https:\/\/stevengdc.com\/en\/contacto\/\" target=\"yes\" class=\"btn btn-secondary\">Get in Contact<\/a>\r\n\t\t\t                    \t\t\t\t                    <\/div>\r\n\t\t\t                    \t\t\t            <\/div>\r\n\t\t\t        <\/div>\r\n\t\t\t    <\/div>\r\n\t\t\t<\/div>\r\n\r\n        <\/div>\r\n\r\n        \t\t\t\t<\/div>\n\t\t\t\t<\/div>\n\t\t\t\t<div class=\"elementor-element elementor-element-a84f016 elementor-widget elementor-widget-spacer\" data-id=\"a84f016\" data-element_type=\"widget\" data-e-type=\"widget\" data-widget_type=\"spacer.default\">\n\t\t\t\t<div class=\"elementor-widget-container\">\n\t\t\t\t\t\t\t<div class=\"elementor-spacer\">\n\t\t\t<div class=\"elementor-spacer-inner\"><\/div>\n\t\t<\/div>\n\t\t\t\t\t\t<\/div>\n\t\t\t\t<\/div>\n\t\t\t\t<div class=\"elementor-element elementor-element-925db9c elementor-widget elementor-widget-wezen-block-title\" data-id=\"925db9c\" data-element_type=\"widget\" data-e-type=\"widget\" data-widget_type=\"wezen-block-title.default\">\n\t\t\t\t<div class=\"elementor-widget-container\">\n\t\t\t\t\t<div class=\"block-title\"><h2>What I Do<\/h2><\/div>\t\t\t\t<\/div>\n\t\t\t\t<\/div>\n\t\t\t\t\t<\/div>\n\t\t<\/div>\n\t\t\t\t\t<\/div>\n\t\t<\/section>\n\t\t\t\t<section class=\"elementor-section elementor-top-section elementor-element elementor-element-2810c44 elementor-section-boxed elementor-section-height-default elementor-section-height-default\" data-id=\"2810c44\" data-element_type=\"section\" data-e-type=\"section\">\n\t\t\t\t\t\t<div class=\"elementor-container elementor-column-gap-default\">\n\t\t\t\t\t<div class=\"elementor-column elementor-col-50 elementor-top-column elementor-element elementor-element-742ee06\" data-id=\"742ee06\" data-element_type=\"column\" data-e-type=\"column\">\n\t\t\t<div class=\"elementor-widget-wrap elementor-element-populated\">\n\t\t\t\t\t\t<div class=\"elementor-element elementor-element-5fb44c4 elementor-widget elementor-widget-wezen-service\" data-id=\"5fb44c4\" data-element_type=\"widget\" data-e-type=\"widget\" data-widget_type=\"wezen-service.default\">\n\t\t\t\t<div class=\"elementor-widget-container\">\n\t\t\t\t\t\r\n\t\t<div class=\"info-list-w-icon\">\r\n\t\t\t<div class=\"info-block-w-icon\">\r\n\t\t\t\t<div class=\"ci-icon\">\r\n\t\t\t\t\t<i aria-hidden=\"true\" class=\"fas fa-store\"><\/i>\t\t\t\t<\/div>\r\n\t\t\t\t<div class=\"ci-text\">\r\n\t\t\t\t\t<h4>E-commerce Setup &amp; Support<\/h4>\r\n\t\t\t\t\t<p>Creating and managing online stores using platforms like WooCommerce or Shopify. Integrating payment gateways and optimizing user experience.<\/p>\r\n\t\t\t\t<\/div>\r\n\t\t\t<\/div>\r\n\t\t<\/div>\r\n\r\n\t\t\t\t\t\t<\/div>\n\t\t\t\t<\/div>\n\t\t\t\t<div class=\"elementor-element elementor-element-aadc7bf elementor-widget elementor-widget-wezen-service\" data-id=\"aadc7bf\" data-element_type=\"widget\" data-e-type=\"widget\" data-widget_type=\"wezen-service.default\">\n\t\t\t\t<div class=\"elementor-widget-container\">\n\t\t\t\t\t\r\n\t\t<div class=\"info-list-w-icon\">\r\n\t\t\t<div class=\"info-block-w-icon\">\r\n\t\t\t\t<div class=\"ci-icon\">\r\n\t\t\t\t\t<i aria-hidden=\"true\" class=\"fas fa-headset\"><\/i>\t\t\t\t<\/div>\r\n\t\t\t\t<div class=\"ci-text\">\r\n\t\t\t\t\t<h4>Technical Support (1st\u20133rd Line)<\/h4>\r\n\t\t\t\t\t<p>Diagnosing and resolving a wide range of IT issues across hardware, software, and user environments, remotely and onsite.<\/p>\r\n\t\t\t\t<\/div>\r\n\t\t\t<\/div>\r\n\t\t<\/div>\r\n\r\n\t\t\t\t\t\t<\/div>\n\t\t\t\t<\/div>\n\t\t\t\t<div class=\"elementor-element elementor-element-a50161a elementor-widget elementor-widget-wezen-service\" data-id=\"a50161a\" data-element_type=\"widget\" data-e-type=\"widget\" data-widget_type=\"wezen-service.default\">\n\t\t\t\t<div class=\"elementor-widget-container\">\n\t\t\t\t\t\r\n\t\t<div class=\"info-list-w-icon\">\r\n\t\t\t<div class=\"info-block-w-icon\">\r\n\t\t\t\t<div class=\"ci-icon\">\r\n\t\t\t\t\t<i aria-hidden=\"true\" class=\"fas fa-server\"><\/i>\t\t\t\t<\/div>\r\n\t\t\t\t<div class=\"ci-text\">\r\n\t\t\t\t\t<h4>IT Infrastructure Management\n<\/h4>\r\n\t\t\t\t\t<p>Supporting and maintaining servers, user workstations, cloud services, and other systems critical to business operations.<\/p>\r\n\t\t\t\t<\/div>\r\n\t\t\t<\/div>\r\n\t\t<\/div>\r\n\r\n\t\t\t\t\t\t<\/div>\n\t\t\t\t<\/div>\n\t\t\t\t\t<\/div>\n\t\t<\/div>\n\t\t\t\t<div class=\"elementor-column elementor-col-50 elementor-top-column elementor-element elementor-element-09a986a\" data-id=\"09a986a\" data-element_type=\"column\" data-e-type=\"column\">\n\t\t\t<div class=\"elementor-widget-wrap elementor-element-populated\">\n\t\t\t\t\t\t<div class=\"elementor-element elementor-element-31d9f34 elementor-widget elementor-widget-wezen-service\" data-id=\"31d9f34\" data-element_type=\"widget\" data-e-type=\"widget\" data-widget_type=\"wezen-service.default\">\n\t\t\t\t<div class=\"elementor-widget-container\">\n\t\t\t\t\t\r\n\t\t<div class=\"info-list-w-icon\">\r\n\t\t\t<div class=\"info-block-w-icon\">\r\n\t\t\t\t<div class=\"ci-icon\">\r\n\t\t\t\t\t<i aria-hidden=\"true\" class=\"fas fa-laptop-code\"><\/i>\t\t\t\t<\/div>\r\n\t\t\t\t<div class=\"ci-text\">\r\n\t\t\t\t\t<h4>Web Design &amp; Development<\/h4>\r\n\t\t\t\t\t<p>Designing and building responsive websites using HTML, CSS, PHP, and JavaScript. Customizing themes, plugins, and CMS platforms like WordPress.<\/p>\r\n\t\t\t\t<\/div>\r\n\t\t\t<\/div>\r\n\t\t<\/div>\r\n\r\n\t\t\t\t\t\t<\/div>\n\t\t\t\t<\/div>\n\t\t\t\t<div class=\"elementor-element elementor-element-3c86a6e elementor-widget elementor-widget-wezen-service\" data-id=\"3c86a6e\" data-element_type=\"widget\" data-e-type=\"widget\" data-widget_type=\"wezen-service.default\">\n\t\t\t\t<div class=\"elementor-widget-container\">\n\t\t\t\t\t\r\n\t\t<div class=\"info-list-w-icon\">\r\n\t\t\t<div class=\"info-block-w-icon\">\r\n\t\t\t\t<div class=\"ci-icon\">\r\n\t\t\t\t\t<i aria-hidden=\"true\" class=\"fas fa-network-wired\"><\/i>\t\t\t\t<\/div>\r\n\t\t\t\t<div class=\"ci-text\">\r\n\t\t\t\t\t<h4>Network Administration<\/h4>\r\n\t\t\t\t\t<p>Configuration, maintenance, and troubleshooting of networks, routers, firewalls, and VPNs to ensure secure and stable connectivity.<\/p>\r\n\t\t\t\t<\/div>\r\n\t\t\t<\/div>\r\n\t\t<\/div>\r\n\r\n\t\t\t\t\t\t<\/div>\n\t\t\t\t<\/div>\n\t\t\t\t<div class=\"elementor-element elementor-element-1140633 elementor-widget elementor-widget-wezen-service\" data-id=\"1140633\" data-element_type=\"widget\" data-e-type=\"widget\" data-widget_type=\"wezen-service.default\">\n\t\t\t\t<div class=\"elementor-widget-container\">\n\t\t\t\t\t\r\n\t\t<div class=\"info-list-w-icon\">\r\n\t\t\t<div class=\"info-block-w-icon\">\r\n\t\t\t\t<div class=\"ci-icon\">\r\n\t\t\t\t\t<i aria-hidden=\"true\" class=\"fas fa-cogs\"><\/i>\t\t\t\t<\/div>\r\n\t\t\t\t<div class=\"ci-text\">\r\n\t\t\t\t\t<h4>Digital Solutions &amp; Automation<\/h4>\r\n\t\t\t\t\t<p>Adapting scripts and tools to improve workflow, reduce manual tasks, and increase business efficiency.<\/p>\r\n\t\t\t\t<\/div>\r\n\t\t\t<\/div>\r\n\t\t<\/div>\r\n\r\n\t\t\t\t\t\t<\/div>\n\t\t\t\t<\/div>\n\t\t\t\t\t<\/div>\n\t\t<\/div>\n\t\t\t\t\t<\/div>\n\t\t<\/section>\n\t\t\t\t<\/div>","protected":false},"excerpt":{"rendered":"<p>T\u00e9cnico Inform\u00e1tico Ol\u00e1, sou o Steven Sou um t\u00e9cnico inform\u00e1tico experiente, com um conjunto abrangente de compet\u00eancias que inclui suporte t\u00e9cnico, administra\u00e7\u00e3o de redes e desenvolvimento web. Trabalho com confian\u00e7a em toda a infraestrutura de TI e ferramentas digitais, oferecendo suporte fi\u00e1vel e solu\u00e7\u00f5es pr\u00e1ticas. Descarregar o CV Carta de Apresenta\u00e7\u00e3o Entre em Contacto O&#8230;<\/p>\n<p><a class=\"read-more\" href=\"https:\/\/stevengdc.com\/en\/about-me\/\">Read More<\/a><\/p>","protected":false},"author":1,"featured_media":0,"parent":0,"menu_order":0,"comment_status":"closed","ping_status":"closed","template":"","meta":{"footnotes":""},"class_list":["post-25","page","type-page","status-publish","hentry"],"_links":{"self":[{"href":"https:\/\/stevengdc.com\/en\/wp-json\/wp\/v2\/pages\/25","targetHints":{"allow":["GET"]}}],"collection":[{"href":"https:\/\/stevengdc.com\/en\/wp-json\/wp\/v2\/pages"}],"about":[{"href":"https:\/\/stevengdc.com\/en\/wp-json\/wp\/v2\/types\/page"}],"author":[{"embeddable":true,"href":"https:\/\/stevengdc.com\/en\/wp-json\/wp\/v2\/users\/1"}],"replies":[{"embeddable":true,"href":"https:\/\/stevengdc.com\/en\/wp-json\/wp\/v2\/comments?post=25"}],"version-history":[{"count":5,"href":"https:\/\/stevengdc.com\/en\/wp-json\/wp\/v2\/pages\/25\/revisions"}],"predecessor-version":[{"id":528,"href":"https:\/\/stevengdc.com\/en\/wp-json\/wp\/v2\/pages\/25\/revisions\/528"}],"wp:attachment":[{"href":"https:\/\/stevengdc.com\/en\/wp-json\/wp\/v2\/media?parent=25"}],"curies":[{"name":"wp","href":"https:\/\/api.w.org\/{rel}","templated":true}]}}